{"id":2027,"date":"2024-12-03T21:22:45","date_gmt":"2024-12-03T20:22:45","guid":{"rendered":"https:\/\/www.vietcong1.de\/gaming-laptops-from-asus\/"},"modified":"2025-06-05T17:45:16","modified_gmt":"2025-06-05T15:45:16","slug":"gaming-laptops-from-asus","status":"publish","type":"page","link":"https:\/\/www.vietcong1.de\/en\/gaming-laptops-from-asus\/","title":{"rendered":"Gaming laptops from Asus"},"content":{"rendered":"<div class=\"fusion-fullwidth fullwidth-box fusion-builder-row-1 fusion-flex-container nonhundred-percent-fullwidth non-hundred-percent-height-scrolling\" style=\"--awb-border-radius-top-left:0px;--awb-border-radius-top-right:0px;--awb-border-radius-bottom-right:0px;--awb-border-radius-bottom-left:0px;--awb-flex-wrap:wrap;\" ><div class=\"fusion-builder-row fusion-row fusion-flex-align-items-flex-start fusion-flex-content-wrap\" style=\"max-width:1289.6px;margin-left: calc(-4% \/ 2 );margin-right: calc(-4% \/ 2 );\"><div class=\"fusion-layout-column fusion_builder_column fusion-builder-column-0 fusion_builder_column_1_1 1_1 fusion-flex-column\" style=\"--awb-bg-blend:overlay;--awb-bg-size:cover;--awb-width-large:100%;--awb-margin-top-large:0px;--awb-spacing-right-large:1.92%;--awb-margin-bottom-large:0px;--awb-spacing-left-large:1.92%;--awb-width-medium:100%;--awb-spacing-right-medium:1.92%;--awb-spacing-left-medium:1.92%;--awb-width-small:100%;--awb-spacing-right-small:1.92%;--awb-spacing-left-small:1.92%;\"><div class=\"fusion-column-wrapper fusion-flex-justify-content-flex-start fusion-content-layout-column\"><div class=\"fusion-text fusion-text-1\"><div class=\"atkp-container atkp-productbox-box  atkp-template-productbox\">\n                        <div class=\"atkp-box atkp-clearfix \"\n                 style=\"\">\n                <div class=\"atkp-predicateheadline atkp-predicate-highlight\">\n                    <span><\/span><\/div>\n                <div class=\"atkp-thumb\">\n                                            <img decoding=\"async\" class=\"lazyload atkp-image\" src=\"data:image\/gif;base64,R0lGODlhAQABAAAAACH5BAEKAAEALAAAAAABAAEAAAICTAEAOw==\" data-orig-src=\"https:\/\/m.media-amazon.com\/images\/I\/31IL2cpLHaL._SL160_.jpg\"\n                             alt=\"ASUS TUF Gaming A17 Laptop | 17,3&quot; Full-HD 16:9 IPS Display | AMD Ryzen 5 7535HS | 16 GB RAM | 512 GB SSD | NVIDIA RTX 4050 | Windows 11 | QWERTZ Tastatur | Mecha Grey\"\/>\n                                                                    <div class=\"atkp-rating\"><span class=\"atkp-star atkp-star-0 atkp-star-00\" title=\"0.00 of 5 stars\"><\/span><\/div>\n                                                                                    <div class=\"atkp-reviews\">Show customer reviews<\/div>\n                                                                                                                    <div class=\"atkp-shoplogo\">1972<\/div>\n                                    <\/div>\n                <div class=\"atkp-content\">\n                    <a class=\"atkp-title\" href=\"https:\/\/www.amazon.de\/dp\/B086ZSL7SD?tag=vietcong1-21&linkCode=ogi&th=1&psc=1\" rel=\"sponsored nofollow noopener\" target=\"_blank\"  title=\"Jetzt kaufen bei 1972\">ASUS TUF Gaming A17 Laptop | 17,3&quot; Full-HD 16:9 IPS Display | AMD Ryzen 5 7535HS | 16 GB RAM | 512 GB SSD | NVIDIA RTX 4050 | Windows 11 | QWERTZ Tastatur | Mecha Grey*<\/a>\n                    <div class=\"atkp-author\">by ASUS Computer<\/div>\n\n                    \n                    <div class=\"atkp-description\"><ul>\n<li>Mit bis zu 160W TGP (Total Graphics Power) kannst Du mit dem ASUS TUF Gaming A17 die beste Grafikkarten-Performance f\u00fcr Dein Gaming-Erlebnis erreichen. Leistungsstarke CPUs und GPUs erzeugen viel Hitze, die jedes herk\u00f6mmliche Notebook in die Knie zwingt. Das A17 ist jedoch mit 84-Blatt-Arc-Flow-Fans und 4 Luftausl\u00e4ssen ausgestattet. Zudem ist das A17 superleise dank selbstreinigendem 0db Ambient Cooling mit bis zu 5 Heatpipes.<\/li>\n<li>Ultrascharfes 17 Zoll Display im 16:9 Format, einem Screen-to-Body Verh\u00e4ltnis von 80% und einer Full-HD Aufl\u00f6sung mit 144Hz.<\/li>\n<li>Hochklassige Perfomance dank AMD Ryzen 5 7535HS Prozessor und einer NVIDIA GeForce RTX 4050 Laptop GPU.<\/li>\n<li>MUX-Switch inkl. NVIDIA Advanced Optimus f\u00fcr starke FPS und noch mehr Akkulaufzeit.<\/li>\n<li>NVIDIA G-SYNC f\u00fcr die beste Gaming-Experience ohne Tearing.<\/li>\n<\/ul>\n<\/div>\n                <\/div>\n                <div class=\"atkp-bottom\">\n                                            <span class=\"atkp-price atkp-listprice\"><\/span>\n                                                                <span class=\"atkp-price atkp-savedamount\"><\/span>\n                                                                <span class=\"atkp-price atkp-saleprice\">\n                            &nbsp;Price: &euro; 1,099.00\n                                                            <span class=\"atkp_price atkp-baseprice\"><\/span>\n                                                    <\/span>\n                                        <a href=\"https:\/\/www.amazon.de\/dp\/B086ZSL7SD?tag=vietcong1-21&linkCode=ogi&th=1&psc=1\" rel=\"sponsored nofollow noopener\" target=\"_blank\"  title=\"Jetzt kaufen bei 1972\" class=\"atkp-button\">Jetzt auf Amazon kaufen*<\/a>\n                                        <div class=\"atkp-container\"><\/div>\n                                            <span class=\"atkp-priceinfo\">Price incl. VAT., Excl. Shipping<\/span>\n                                    <\/div>\n            <\/div>\n                    <div class=\"atkp-box atkp-clearfix \"\n                 style=\"\">\n                <div class=\"atkp-predicateheadline atkp-predicate-highlight\">\n                    <span><\/span><\/div>\n                <div class=\"atkp-thumb\">\n                                            <img decoding=\"async\" class=\"lazyload atkp-image\" src=\"data:image\/gif;base64,R0lGODlhAQABAAAAACH5BAEKAAEALAAAAAABAAEAAAICTAEAOw==\" data-orig-src=\"https:\/\/m.media-amazon.com\/images\/I\/51-Cm0dbefL._SL160_.jpg\"\n                             alt=\"ASUS TUF Gaming Advantage A16 Laptop | 16&quot; Full-HD 16:10 entspiegeltes IPS Display | AMD Ryzen 7 7435HS | 16 GB RAM | 512 GB SSD | AMD Radeon RX 7600S | Windows 11 | QWERTZ Tastatur | Sandstorm\"\/>\n                                                                    <div class=\"atkp-rating\"><span class=\"atkp-star atkp-star-0 atkp-star-00\" title=\"0.00 of 5 stars\"><\/span><\/div>\n                                                                                    <div class=\"atkp-reviews\">Show customer reviews<\/div>\n                                                                                                                    <div class=\"atkp-shoplogo\">1972<\/div>\n                                    <\/div>\n                <div class=\"atkp-content\">\n                    <a class=\"atkp-title\" href=\"https:\/\/www.amazon.de\/dp\/B09T9KTBNJ?tag=vietcong1-21&linkCode=ogi&th=1&psc=1\" rel=\"sponsored nofollow noopener\" target=\"_blank\"  title=\"Jetzt kaufen bei 1972\">ASUS TUF Gaming Advantage A16 Laptop | 16&quot; Full-HD 16:10 entspiegeltes IPS Display | AMD Ryzen 7 7435HS | 16 GB RAM | 512 GB SSD | AMD Radeon RX 7600S | Windows 11 | QWERTZ Tastatur | Sandstorm*<\/a>\n                    <div class=\"atkp-author\">by ASUS Computer<\/div>\n\n                    \n                    <div class=\"atkp-description\"><ul>\n<li>Unglaubliches 16 Zoll Full-HD Display mit 300 Nits und 89% Screen-To-Body-Verh\u00e4ltnis im 16:10 Format.<\/li>\n<li>Leistungsstarke Performance mit Ryzen 7 7435HS und AMD Radeon RX 7600S.<\/li>\n<li>Integrierter MUX-Switch und Free-Sync f\u00fcr mehr Leistung und l\u00e4ngere Akkulaufzeiten (bis zu 13,6 Stunden Videowiedergabe).<\/li>\n<li>Unterst\u00fctzt AMD Advantage Vorteile - AMD SmartShift Max, AMD SmartShift ECO und AMD SmartAccess Grafik.<\/li>\n<li>16GB DDR5 RAM f\u00fcr reibungsloses Multitasking.<\/li>\n<li>Extra-tough und robust durch Mil-Std 810H getestetes Geh\u00e4use.<\/li>\n<li>Dolby ATMOS und Hi-Res Audio f\u00fcr starken Sound mitten im Game.<\/li>\n<li>Hintergrundbeleuchtete Chiclet-Tastatur mit RGB bietet h\u00f6chstm\u00f6glichen Komfort beim Spielen und Arbeiten.<\/li>\n<\/ul>\n<\/div>\n                <\/div>\n                <div class=\"atkp-bottom\">\n                                            <span class=\"atkp-price atkp-listprice\"><\/span>\n                                                                <span class=\"atkp-price atkp-savedamount\"><\/span>\n                                                                <span class=\"atkp-price atkp-saleprice\">\n                            &nbsp;Price not available\n                                                            <span class=\"atkp_price atkp-baseprice\"><\/span>\n                                                    <\/span>\n                                        <a href=\"https:\/\/www.amazon.de\/dp\/B09T9KTBNJ?tag=vietcong1-21&linkCode=ogi&th=1&psc=1\" rel=\"sponsored nofollow noopener\" target=\"_blank\"  title=\"Jetzt kaufen bei 1972\" class=\"atkp-button\">Jetzt auf Amazon kaufen*<\/a>\n                                        <div class=\"atkp-container\"><\/div>\n                                            <span class=\"atkp-priceinfo\">Price incl. VAT., Excl. Shipping<\/span>\n                                    <\/div>\n            <\/div>\n                    <div class=\"atkp-box atkp-clearfix \"\n                 style=\"\">\n                <div class=\"atkp-predicateheadline atkp-predicate-highlight\">\n                    <span><\/span><\/div>\n                <div class=\"atkp-thumb\">\n                                            <img decoding=\"async\" class=\"lazyload atkp-image\" src=\"data:image\/gif;base64,R0lGODlhAQABAAAAACH5BAEKAAEALAAAAAABAAEAAAICTAEAOw==\" data-orig-src=\"https:\/\/m.media-amazon.com\/images\/I\/314fJnTFl3L._SL160_.jpg\"\n                             alt=\"ASUS TUF Gaming A16 Laptop | 16&quot; Full-HD 165Hz\/7ms 16:10 IPS Display | AMD Ryzen 9 7845HX | 32 GB RAM | 1 TB SSD | NVIDIA RTX 4060 | Windows 11 | QWERTZ Tastatur | Mecha Grey\"\/>\n                                                                    <div class=\"atkp-rating\"><span class=\"atkp-star atkp-star-0 atkp-star-00\" title=\"0.00 of 5 stars\"><\/span><\/div>\n                                                                                    <div class=\"atkp-reviews\">Show customer reviews<\/div>\n                                                                                                                    <div class=\"atkp-shoplogo\">1972<\/div>\n                                    <\/div>\n                <div class=\"atkp-content\">\n                    <a class=\"atkp-title\" href=\"https:\/\/www.amazon.de\/dp\/B086ZD4WMQ?tag=vietcong1-21&linkCode=ogi&th=1&psc=1\" rel=\"sponsored nofollow noopener\" target=\"_blank\"  title=\"Jetzt kaufen bei 1972\">ASUS TUF Gaming A16 Laptop | 16&quot; Full-HD 165Hz\/7ms 16:10 IPS Display | AMD Ryzen 9 7845HX | 32 GB RAM | 1 TB SSD | NVIDIA RTX 4060 | Windows 11 | QWERTZ Tastatur | Mecha Grey*<\/a>\n                    <div class=\"atkp-author\">by ASUS Computer<\/div>\n\n                    \n                    <div class=\"atkp-description\"><ul>\n<li>Mit bis zu 140W TGP (Total Graphics Power) kannst Du mit dem ASUS TUF Gaming A15 die beste Grafikkarten-Performance f\u00fcr Dein Gaming-Erlebnis erreichen. Zusammen mit der au\u00dfergew\u00f6hnlichen Performance des AMD Ryzen R9-7845HX Prozessor und der NVIDIA GeForce RTX 4060 kannst Du eigentlich nur noch gewinnen.<\/li>\n<li>Gro\u00dfer Bildschirm kompakt gebaut \u2013 der noch schmaler und kompakter als seine Vorg\u00e4nger ist. Mit seinem nahezu randlosen 165Hz Full-HD NanoEdge Display im 16:10 Format f\u00fcr ultraschnelles und fl\u00fcssiges Gaming mit 7ms Reaktionszeit.<\/li>\n<li>Sein starker 90 Wh Akku mit Type-C Charging ist in einem hochwertigen und kompakten Geh\u00e4use verbaut und ist extrem robust und bietet eine lange Akkulaufzeit. Sein strapazierf\u00e4higes Geh\u00e4use h\u00e4lt \u00e4u\u00dferlichen Herausforderungen ausdauernd stand und erf\u00fcllt sogar den anspruchsvollen Milit\u00e4rstandard MIL STD-810H f\u00fcr Zuverl\u00e4ssigkeit und Robustheit. Damit \u00fcbertrifft es bei weitem den Industriestandard.<\/li>\n<li>Das TUF Gaming A16 bietet Dir ein realistischeres und fesselndes 3D Audioerlebnis. Dank der DTS:X Ultra Technologie kannst Du jede Session mit perfektem Klang genie\u00dfen. Gleichzeitig passt die smarte K\u00fchlung mit Anti-Dust-Funktion die Leistung optimal an - f\u00fcr eine l\u00e4ngere Lebensdauer, damit Du dauerhaft Freude am Spielen, Streamen und Surfen hast.<\/li>\n<li>Effizienter MUX-Switch f\u00fcr optimale Performance.<\/li>\n<\/ul>\n<\/div>\n                <\/div>\n                <div class=\"atkp-bottom\">\n                                            <span class=\"atkp-price atkp-listprice\"><\/span>\n                                                                <span class=\"atkp-price atkp-savedamount\"><\/span>\n                                                                <span class=\"atkp-price atkp-saleprice\">\n                            &nbsp;Price not available\n                                                            <span class=\"atkp_price atkp-baseprice\"><\/span>\n                                                    <\/span>\n                                        <a href=\"https:\/\/www.amazon.de\/dp\/B086ZD4WMQ?tag=vietcong1-21&linkCode=ogi&th=1&psc=1\" rel=\"sponsored nofollow noopener\" target=\"_blank\"  title=\"Jetzt kaufen bei 1972\" class=\"atkp-button\">Jetzt auf Amazon kaufen*<\/a>\n                                        <div class=\"atkp-container\"><\/div>\n                                            <span class=\"atkp-priceinfo\">Price incl. VAT., Excl. Shipping<\/span>\n                                    <\/div>\n            <\/div>\n                    <\/div>\n\n<\/div><\/div><\/div><\/div><\/div>\n","protected":false},"excerpt":{"rendered":"","protected":false},"author":1,"featured_media":0,"parent":0,"menu_order":0,"comment_status":"closed","ping_status":"closed","template":"","meta":{"footnotes":""},"class_list":["post-2027","page","type-page","status-publish","hentry"],"yoast_head":"<!-- This site is optimized with the Yoast SEO plugin v27.5 - https:\/\/yoast.com\/product\/yoast-seo-wordpress\/ -->\n<title>Gaming laptops from Asus - Vietcong 1<\/title>\n<meta name=\"description\" content=\"Gaming laptops from Asus, perfect for gaming on the go. Take a look at the Lapopts now at Vietcong1.de\" \/>\n<meta name=\"robots\" content=\"index, follow, max-snippet:-1, max-image-preview:large, max-video-preview:-1\" \/>\n<link rel=\"canonical\" href=\"https:\/\/www.vietcong1.de\/en\/gaming-laptops-from-asus\/\" \/>\n<meta property=\"og:locale\" content=\"en_US\" \/>\n<meta property=\"og:type\" content=\"article\" \/>\n<meta property=\"og:title\" content=\"Gaming laptops from Asus - Vietcong 1\" \/>\n<meta property=\"og:description\" content=\"Gaming laptops from Asus, perfect for gaming on the go. Take a look at the Lapopts now at Vietcong1.de\" \/>\n<meta property=\"og:url\" content=\"https:\/\/www.vietcong1.de\/en\/gaming-laptops-from-asus\/\" \/>\n<meta property=\"og:site_name\" content=\"Vietcong 1\" \/>\n<meta property=\"article:modified_time\" content=\"2025-06-05T15:45:16+00:00\" \/>\n<meta name=\"twitter:card\" content=\"summary_large_image\" \/>\n<meta name=\"twitter:label1\" content=\"Est. reading time\" \/>\n\t<meta name=\"twitter:data1\" content=\"1 minute\" \/>\n<script type=\"application\/ld+json\" class=\"yoast-schema-graph\">{\"@context\":\"https:\\\/\\\/schema.org\",\"@graph\":[{\"@type\":\"WebPage\",\"@id\":\"https:\\\/\\\/www.vietcong1.de\\\/en\\\/gaming-laptops-from-asus\\\/\",\"url\":\"https:\\\/\\\/www.vietcong1.de\\\/en\\\/gaming-laptops-from-asus\\\/\",\"name\":\"Gaming laptops from Asus - Vietcong 1\",\"isPartOf\":{\"@id\":\"https:\\\/\\\/www.vietcong1.de\\\/en\\\/#website\"},\"datePublished\":\"2024-12-03T20:22:45+00:00\",\"dateModified\":\"2025-06-05T15:45:16+00:00\",\"description\":\"Gaming laptops from Asus, perfect for gaming on the go. Take a look at the Lapopts now at Vietcong1.de\",\"breadcrumb\":{\"@id\":\"https:\\\/\\\/www.vietcong1.de\\\/en\\\/gaming-laptops-from-asus\\\/#breadcrumb\"},\"inLanguage\":\"en-US\",\"potentialAction\":[{\"@type\":\"ReadAction\",\"target\":[\"https:\\\/\\\/www.vietcong1.de\\\/en\\\/gaming-laptops-from-asus\\\/\"]}]},{\"@type\":\"BreadcrumbList\",\"@id\":\"https:\\\/\\\/www.vietcong1.de\\\/en\\\/gaming-laptops-from-asus\\\/#breadcrumb\",\"itemListElement\":[{\"@type\":\"ListItem\",\"position\":1,\"name\":\"Startseite\",\"item\":\"https:\\\/\\\/www.vietcong1.de\\\/en\\\/vietcong\\\/\"},{\"@type\":\"ListItem\",\"position\":2,\"name\":\"Gaming laptops from Asus\"}]},{\"@type\":\"WebSite\",\"@id\":\"https:\\\/\\\/www.vietcong1.de\\\/en\\\/#website\",\"url\":\"https:\\\/\\\/www.vietcong1.de\\\/en\\\/\",\"name\":\"Vietcong 1\",\"description\":\"\",\"potentialAction\":[{\"@type\":\"SearchAction\",\"target\":{\"@type\":\"EntryPoint\",\"urlTemplate\":\"https:\\\/\\\/www.vietcong1.de\\\/en\\\/?s={search_term_string}\"},\"query-input\":{\"@type\":\"PropertyValueSpecification\",\"valueRequired\":true,\"valueName\":\"search_term_string\"}}],\"inLanguage\":\"en-US\"}]}<\/script>\n<!-- \/ Yoast SEO plugin. -->","yoast_head_json":{"title":"Gaming laptops from Asus - Vietcong 1","description":"Gaming laptops from Asus, perfect for gaming on the go. Take a look at the Lapopts now at Vietcong1.de","robots":{"index":"index","follow":"follow","max-snippet":"max-snippet:-1","max-image-preview":"max-image-preview:large","max-video-preview":"max-video-preview:-1"},"canonical":"https:\/\/www.vietcong1.de\/en\/gaming-laptops-from-asus\/","og_locale":"en_US","og_type":"article","og_title":"Gaming laptops from Asus - Vietcong 1","og_description":"Gaming laptops from Asus, perfect for gaming on the go. Take a look at the Lapopts now at Vietcong1.de","og_url":"https:\/\/www.vietcong1.de\/en\/gaming-laptops-from-asus\/","og_site_name":"Vietcong 1","article_modified_time":"2025-06-05T15:45:16+00:00","twitter_card":"summary_large_image","twitter_misc":{"Est. reading time":"1 minute"},"schema":{"@context":"https:\/\/schema.org","@graph":[{"@type":"WebPage","@id":"https:\/\/www.vietcong1.de\/en\/gaming-laptops-from-asus\/","url":"https:\/\/www.vietcong1.de\/en\/gaming-laptops-from-asus\/","name":"Gaming laptops from Asus - Vietcong 1","isPartOf":{"@id":"https:\/\/www.vietcong1.de\/en\/#website"},"datePublished":"2024-12-03T20:22:45+00:00","dateModified":"2025-06-05T15:45:16+00:00","description":"Gaming laptops from Asus, perfect for gaming on the go. Take a look at the Lapopts now at Vietcong1.de","breadcrumb":{"@id":"https:\/\/www.vietcong1.de\/en\/gaming-laptops-from-asus\/#breadcrumb"},"inLanguage":"en-US","potentialAction":[{"@type":"ReadAction","target":["https:\/\/www.vietcong1.de\/en\/gaming-laptops-from-asus\/"]}]},{"@type":"BreadcrumbList","@id":"https:\/\/www.vietcong1.de\/en\/gaming-laptops-from-asus\/#breadcrumb","itemListElement":[{"@type":"ListItem","position":1,"name":"Startseite","item":"https:\/\/www.vietcong1.de\/en\/vietcong\/"},{"@type":"ListItem","position":2,"name":"Gaming laptops from Asus"}]},{"@type":"WebSite","@id":"https:\/\/www.vietcong1.de\/en\/#website","url":"https:\/\/www.vietcong1.de\/en\/","name":"Vietcong 1","description":"","potentialAction":[{"@type":"SearchAction","target":{"@type":"EntryPoint","urlTemplate":"https:\/\/www.vietcong1.de\/en\/?s={search_term_string}"},"query-input":{"@type":"PropertyValueSpecification","valueRequired":true,"valueName":"search_term_string"}}],"inLanguage":"en-US"}]}},"_links":{"self":[{"href":"https:\/\/www.vietcong1.de\/en\/wp-json\/wp\/v2\/pages\/2027","targetHints":{"allow":["GET"]}}],"collection":[{"href":"https:\/\/www.vietcong1.de\/en\/wp-json\/wp\/v2\/pages"}],"about":[{"href":"https:\/\/www.vietcong1.de\/en\/wp-json\/wp\/v2\/types\/page"}],"author":[{"embeddable":true,"href":"https:\/\/www.vietcong1.de\/en\/wp-json\/wp\/v2\/users\/1"}],"replies":[{"embeddable":true,"href":"https:\/\/www.vietcong1.de\/en\/wp-json\/wp\/v2\/comments?post=2027"}],"version-history":[{"count":2,"href":"https:\/\/www.vietcong1.de\/en\/wp-json\/wp\/v2\/pages\/2027\/revisions"}],"predecessor-version":[{"id":2029,"href":"https:\/\/www.vietcong1.de\/en\/wp-json\/wp\/v2\/pages\/2027\/revisions\/2029"}],"wp:attachment":[{"href":"https:\/\/www.vietcong1.de\/en\/wp-json\/wp\/v2\/media?parent=2027"}],"curies":[{"name":"wp","href":"https:\/\/api.w.org\/{rel}","templated":true}]}}