{"id":2024,"date":"2024-12-03T21:42:51","date_gmt":"2024-12-03T20:42:51","guid":{"rendered":"https:\/\/www.vietcong1.de\/gaming-pc\/"},"modified":"2025-06-05T17:44:58","modified_gmt":"2025-06-05T15:44:58","slug":"gaming-pc","status":"publish","type":"page","link":"https:\/\/www.vietcong1.de\/en\/gaming-pc\/","title":{"rendered":"Gaming PC"},"content":{"rendered":"<div class=\"fusion-fullwidth fullwidth-box fusion-builder-row-1 fusion-flex-container nonhundred-percent-fullwidth non-hundred-percent-height-scrolling\" style=\"--awb-border-radius-top-left:0px;--awb-border-radius-top-right:0px;--awb-border-radius-bottom-right:0px;--awb-border-radius-bottom-left:0px;--awb-flex-wrap:wrap;\" ><div class=\"fusion-builder-row fusion-row fusion-flex-align-items-flex-start fusion-flex-content-wrap\" style=\"max-width:1289.6px;margin-left: calc(-4% \/ 2 );margin-right: calc(-4% \/ 2 );\"><div class=\"fusion-layout-column fusion_builder_column fusion-builder-column-0 fusion_builder_column_1_1 1_1 fusion-flex-column\" style=\"--awb-bg-blend:overlay;--awb-bg-size:cover;--awb-width-large:100%;--awb-margin-top-large:0px;--awb-spacing-right-large:1.92%;--awb-margin-bottom-large:0px;--awb-spacing-left-large:1.92%;--awb-width-medium:100%;--awb-spacing-right-medium:1.92%;--awb-spacing-left-medium:1.92%;--awb-width-small:100%;--awb-spacing-right-small:1.92%;--awb-spacing-left-small:1.92%;\"><div class=\"fusion-column-wrapper fusion-flex-justify-content-flex-start fusion-content-layout-column\"><div class=\"fusion-text fusion-text-1\"><div class=\"atkp-container atkp-productbox-box  atkp-template-productbox\">\n                        <div class=\"atkp-box atkp-clearfix \"\n                 style=\"\">\n                <div class=\"atkp-predicateheadline atkp-predicate-highlight\">\n                    <span><\/span><\/div>\n                <div class=\"atkp-thumb\">\n                                            <img decoding=\"async\" class=\"lazyload atkp-image\" src=\"data:image\/gif;base64,R0lGODlhAQABAAAAACH5BAEKAAEALAAAAAABAAEAAAICTAEAOw==\" data-orig-src=\"https:\/\/m.media-amazon.com\/images\/I\/41eZlMcFskL._SL160_.jpg\"\n                             alt=\"shinobee Gaming PC AMD Ryzen 7 5700G 16 Threads 4.60GHz &bull; 32 GB 3200 MHz DDR4 &bull; 1000GB SSD &bull; AMD Radeon Graphics &bull; Windows 11 &bull; WLAN &bull; Gamer PC Computer Gaming - 7814\"\/>\n                                                                    <div class=\"atkp-rating\"><span class=\"atkp-star atkp-star-0 atkp-star-00\" title=\"0.00 of 5 stars\"><\/span><\/div>\n                                                                                    <div class=\"atkp-reviews\">Show customer reviews<\/div>\n                                                                                                                    <div class=\"atkp-shoplogo\">1972<\/div>\n                                    <\/div>\n                <div class=\"atkp-content\">\n                    <a class=\"atkp-title\" href=\"https:\/\/www.amazon.de\/dp\/B0DLWQ7CWH?tag=vietcong1-21&linkCode=ogi&th=1&psc=1\" rel=\"sponsored nofollow noopener\" target=\"_blank\"  title=\"Jetzt kaufen bei 1972\">shinobee Gaming PC AMD Ryzen 7 5700G 16 Threads 4.60GHz &bull; 32 GB 3200 MHz DDR4 &bull; 1000GB SSD &bull; AMD Radeon Graphics &bull; Windows 11 &bull; WLAN &bull; Gamer PC Computer Gaming - 7814*<\/a>\n                    <div class=\"atkp-author\">by shinobee<\/div>\n\n                    \n                    <div class=\"atkp-description\"><ul>\n<li>Das Ger\u00e4t ist mit einem sehr schnellen Ryzen7 5700G 16-Thread Prozessor sowie schnellen 32 GB GDDR4-3200 Markenarbeitsspeicher ausgestattet, die mehr als genug Leistung f\u00fcr rechenintensive Anwendungen, Multitasking und Multimedia bereitstellen.<\/li>\n<li>Die gro\u00dfe 1000 GB SSD ist ideal um all ihre Daten zu speichern.<\/li>\n<li>Kein Billig-PC! Nur Markenkomponenten: schnelle 1 TB SSD mit 3D NAND Technologie, AMD B450M Mainboard, SiliconPower DDR4 3200 RAM, 80+ Silent Netzteil, RGB Gaming Geh\u00e4use<\/li>\n<li>Windows 11 Prof. 64-Bit ist mit allen Treibern installiert, das neueste G-DATA AntiVirus liegt bei inkl. 6 Monate Updates, au\u00dferdem ist ein Microsoft Office Paket als Vollversion enthalten<\/li>\n<li>shinobee gew\u00e4hrt auf dieses Ger\u00e4t 36 Monate Herstellergarantie !<\/li>\n<\/ul>\n<\/div>\n                <\/div>\n                <div class=\"atkp-bottom\">\n                                            <span class=\"atkp-price atkp-listprice\"><\/span>\n                                                                <span class=\"atkp-price atkp-savedamount\"><\/span>\n                                                                <span class=\"atkp-price atkp-saleprice\">\n                            &nbsp;Price: &euro; 499.00\n                                                            <span class=\"atkp_price atkp-baseprice\"><\/span>\n                                                    <\/span>\n                                        <a href=\"https:\/\/www.amazon.de\/dp\/B0DLWQ7CWH?tag=vietcong1-21&linkCode=ogi&th=1&psc=1\" rel=\"sponsored nofollow noopener\" target=\"_blank\"  title=\"Jetzt kaufen bei 1972\" class=\"atkp-button\">Jetzt auf Amazon kaufen*<\/a>\n                                        <div class=\"atkp-container\"><\/div>\n                                            <span class=\"atkp-priceinfo\">Price incl. VAT., Excl. Shipping<\/span>\n                                    <\/div>\n            <\/div>\n                    <div class=\"atkp-box atkp-clearfix \"\n                 style=\"\">\n                <div class=\"atkp-predicateheadline atkp-predicate-highlight\">\n                    <span><\/span><\/div>\n                <div class=\"atkp-thumb\">\n                                            <img decoding=\"async\" class=\"lazyload atkp-image\" src=\"data:image\/gif;base64,R0lGODlhAQABAAAAACH5BAEKAAEALAAAAAABAAEAAAICTAEAOw==\" data-orig-src=\"https:\/\/m.media-amazon.com\/images\/I\/41bUvbPtUgL._SL160_.jpg\"\n                             alt=\"shinobee High-End Raytracing Gaming PC AMD Ryzen 9 6900HX 16 Threads 4.90GHz &bull; 8GB AMD Radeon RX 680M &bull; 32 GB DDR5-4800 &bull; 1000GB SSD &bull; Windows 11 &bull; WLAN &bull; Gamer PC Computer Gaming Rechner - 7807\"\/>\n                                                                    <div class=\"atkp-rating\"><span class=\"atkp-star atkp-star-0 atkp-star-00\" title=\"0.00 of 5 stars\"><\/span><\/div>\n                                                                                    <div class=\"atkp-reviews\">Show customer reviews<\/div>\n                                                                                                                    <div class=\"atkp-shoplogo\">1972<\/div>\n                                    <\/div>\n                <div class=\"atkp-content\">\n                    <a class=\"atkp-title\" href=\"https:\/\/www.amazon.de\/dp\/B0DKTPQBZ3?tag=vietcong1-21&linkCode=ogi&th=1&psc=1\" rel=\"sponsored nofollow noopener\" target=\"_blank\"  title=\"Jetzt kaufen bei 1972\">shinobee High-End Raytracing Gaming PC AMD Ryzen 9 6900HX 16 Threads 4.90GHz &bull; 8GB AMD Radeon RX 680M &bull; 32 GB DDR5-4800 &bull; 1000GB SSD &bull; Windows 11 &bull; WLAN &bull; Gamer PC Computer Gaming Rechner - 7807*<\/a>\n                    <div class=\"atkp-author\">by shinobee<\/div>\n\n                    \n                    <div class=\"atkp-description\"><ul>\n<li>Superschneller Ryzen9 6900HX 16-Thread Prozessor, moderne 32 GB DDR5-4800 Markenarbeitsspeicher, gro\u00dfe 1000 GB NVME SSD sowie 8GB AMD Radeon 680M Grafikchip, der alle modernen Spiele fl\u00fcssig beschleunigt<\/li>\n<li>Kein Billig-PC! Nur Markenkomponenten: schnelle NVME 1 TB SSD, AMD FP7 Mainboard, Ryzen9 16-Thread Prozessor, DDR5 4800 RAM, 80+ Silent Netzteil, 200H RGB Gaming Geh\u00e4use<\/li>\n<li>Anschl\u00fcsse: 2x HDMI, 1x Displayport, 1x VGA, 4xUSB 3.0, 4x USB 2.0, 3x Audio, Gigabit-LAN, WLAN<\/li>\n<li>Windows 11 Prof. 64-Bit ist mit allen Treibern installiert, das neueste G-DATA AntiVirus liegt bei inkl. 6 Monate Updates, au\u00dferdem ist ein Microsoft Office Paket als Vollversion enthalten<\/li>\n<li>shinobee gew\u00e4hrt auf dieses Ger\u00e4t 36 Monate Herstellergarantie !<\/li>\n<\/ul>\n<\/div>\n                <\/div>\n                <div class=\"atkp-bottom\">\n                                            <span class=\"atkp-price atkp-listprice\"><\/span>\n                                                                <span class=\"atkp-price atkp-savedamount\"><\/span>\n                                                                <span class=\"atkp-price atkp-saleprice\">\n                            &nbsp;Price not available\n                                                            <span class=\"atkp_price atkp-baseprice\"><\/span>\n                                                    <\/span>\n                                        <a href=\"https:\/\/www.amazon.de\/dp\/B0DKTPQBZ3?tag=vietcong1-21&linkCode=ogi&th=1&psc=1\" rel=\"sponsored nofollow noopener\" target=\"_blank\"  title=\"Jetzt kaufen bei 1972\" class=\"atkp-button\">Jetzt auf Amazon kaufen*<\/a>\n                                        <div class=\"atkp-container\"><\/div>\n                                            <span class=\"atkp-priceinfo\">Price incl. VAT., Excl. Shipping<\/span>\n                                    <\/div>\n            <\/div>\n                    <div class=\"atkp-box atkp-clearfix \"\n                 style=\"\">\n                <div class=\"atkp-predicateheadline atkp-predicate-highlight\">\n                    <span><\/span><\/div>\n                <div class=\"atkp-thumb\">\n                                            <img decoding=\"async\" class=\"lazyload atkp-image\" src=\"data:image\/gif;base64,R0lGODlhAQABAAAAACH5BAEKAAEALAAAAAABAAEAAAICTAEAOw==\" data-orig-src=\"https:\/\/m.media-amazon.com\/images\/I\/41bUvbPtUgL._SL160_.jpg\"\n                             alt=\"shinobee High End Gaming PC Intel Core i7 12700KF 20 Threads 5.00GHz - GeForce RTX 5060 8 GB GDDR7-32 GB 3000 MHz DDR4-1 TB M.2 SSD - Windows 11 - WLAN - Gamer PC Computer Rechner - #7559\"\/>\n                                                                    <div class=\"atkp-rating\"><span class=\"atkp-star atkp-star-0 atkp-star-00\" title=\"0.00 of 5 stars\"><\/span><\/div>\n                                                                                    <div class=\"atkp-reviews\">Show customer reviews<\/div>\n                                                                                                                    <div class=\"atkp-shoplogo\">1972<\/div>\n                                    <\/div>\n                <div class=\"atkp-content\">\n                    <a class=\"atkp-title\" href=\"https:\/\/www.amazon.de\/dp\/B0CVXQNDL9?tag=vietcong1-21&linkCode=ogi&th=1&psc=1\" rel=\"sponsored nofollow noopener\" target=\"_blank\"  title=\"Jetzt kaufen bei 1972\">shinobee High End Gaming PC Intel Core i7 12700KF 20 Threads 5.00GHz - GeForce RTX 5060 8 GB GDDR7-32 GB 3000 MHz DDR4-1 TB M.2 SSD - Windows 11 - WLAN - Gamer PC Computer Rechner - #7559*<\/a>\n                    <div class=\"atkp-author\">by shinobee<\/div>\n\n                    \n                    <div class=\"atkp-description\"><ul>\n<li>Das Ger\u00e4t ist mit einem sehr schnellen Core i7 12700FF 20-Thread Prozessor sowie schnellen 32 GB GDDR4-3000 Markenarbeitsspeicher ausgestattet, die mehr als genug Leistung f\u00fcr rechenintensive Anwendungen, Multitasking und Multimedia bereitstellen. Die gro\u00dfe 1000 GB SSD ist ideal um all ihre Daten zu speichern.<\/li>\n<li>Das Ger\u00e4t verf\u00fcgt \u00fcber eine sehr schnelle Geforce RTX 5060 8 GB DDR7 3D Grafikkarte die alle modernen Spiele fl\u00fcssig beschleunigt<\/li>\n<li>Kein Billig-PC! Nur Markenkomponenten: schnelle SSD, Intel i7 12th Gen CPU, Gigabyte P550SS 550 Watt 80+ Silber Netzteil, RGB Gaming Geh\u00e4use<\/li>\n<li>Windows 11 Prof, 64-Bit ist mit allen Treibern installiert, das neueste G-DATA AntiVirus liegt bei inkl, 6 Monate Updates, au\u00dferdem ist ein Microsoft Office Paket als Vollversion enthalten<\/li>\n<li>shinobee gew\u00e4hrt auf dieses Ger\u00e4t 36 Monate Herstellergarantie !<\/li>\n<\/ul>\n<\/div>\n                <\/div>\n                <div class=\"atkp-bottom\">\n                                            <span class=\"atkp-price atkp-listprice\"><\/span>\n                                                                <span class=\"atkp-price atkp-savedamount\"><\/span>\n                                                                <span class=\"atkp-price atkp-saleprice\">\n                            &nbsp;Price: &euro; 888.00\n                                                            <span class=\"atkp_price atkp-baseprice\"><\/span>\n                                                    <\/span>\n                                        <a href=\"https:\/\/www.amazon.de\/dp\/B0CVXQNDL9?tag=vietcong1-21&linkCode=ogi&th=1&psc=1\" rel=\"sponsored nofollow noopener\" target=\"_blank\"  title=\"Jetzt kaufen bei 1972\" class=\"atkp-button\">Jetzt auf Amazon kaufen*<\/a>\n                                        <div class=\"atkp-container\"><\/div>\n                                            <span class=\"atkp-priceinfo\">Price incl. VAT., Excl. Shipping<\/span>\n                                    <\/div>\n            <\/div>\n                    <\/div>\n\n<\/div><\/div><\/div><\/div><\/div>\n","protected":false},"excerpt":{"rendered":"","protected":false},"author":1,"featured_media":0,"parent":0,"menu_order":0,"comment_status":"closed","ping_status":"closed","template":"","meta":{"footnotes":""},"class_list":["post-2024","page","type-page","status-publish","hentry"],"yoast_head":"<!-- This site is optimized with the Yoast SEO plugin v27.5 - https:\/\/yoast.com\/product\/yoast-seo-wordpress\/ -->\n<title>Gaming PC - Vietcong 1<\/title>\n<meta name=\"description\" content=\"Gaming computer with WIndows, perfect for gaming. Take a look at the computers now at Vietcong1.de and buy today.\" \/>\n<meta name=\"robots\" content=\"index, follow, max-snippet:-1, max-image-preview:large, max-video-preview:-1\" \/>\n<link rel=\"canonical\" href=\"https:\/\/www.vietcong1.de\/en\/gaming-pc\/\" \/>\n<meta property=\"og:locale\" content=\"en_US\" \/>\n<meta property=\"og:type\" content=\"article\" \/>\n<meta property=\"og:title\" content=\"Gaming PC - Vietcong 1\" \/>\n<meta property=\"og:description\" content=\"Gaming computer with WIndows, perfect for gaming. Take a look at the computers now at Vietcong1.de and buy today.\" \/>\n<meta property=\"og:url\" content=\"https:\/\/www.vietcong1.de\/en\/gaming-pc\/\" \/>\n<meta property=\"og:site_name\" content=\"Vietcong 1\" \/>\n<meta property=\"article:modified_time\" content=\"2025-06-05T15:44:58+00:00\" \/>\n<meta name=\"twitter:card\" content=\"summary_large_image\" \/>\n<meta name=\"twitter:label1\" content=\"Est. reading time\" \/>\n\t<meta name=\"twitter:data1\" content=\"1 minute\" \/>\n<script type=\"application\/ld+json\" class=\"yoast-schema-graph\">{\"@context\":\"https:\\\/\\\/schema.org\",\"@graph\":[{\"@type\":\"WebPage\",\"@id\":\"https:\\\/\\\/www.vietcong1.de\\\/en\\\/gaming-pc\\\/\",\"url\":\"https:\\\/\\\/www.vietcong1.de\\\/en\\\/gaming-pc\\\/\",\"name\":\"Gaming PC - Vietcong 1\",\"isPartOf\":{\"@id\":\"https:\\\/\\\/www.vietcong1.de\\\/en\\\/#website\"},\"datePublished\":\"2024-12-03T20:42:51+00:00\",\"dateModified\":\"2025-06-05T15:44:58+00:00\",\"description\":\"Gaming computer with WIndows, perfect for gaming. Take a look at the computers now at Vietcong1.de and buy today.\",\"breadcrumb\":{\"@id\":\"https:\\\/\\\/www.vietcong1.de\\\/en\\\/gaming-pc\\\/#breadcrumb\"},\"inLanguage\":\"en-US\",\"potentialAction\":[{\"@type\":\"ReadAction\",\"target\":[\"https:\\\/\\\/www.vietcong1.de\\\/en\\\/gaming-pc\\\/\"]}]},{\"@type\":\"BreadcrumbList\",\"@id\":\"https:\\\/\\\/www.vietcong1.de\\\/en\\\/gaming-pc\\\/#breadcrumb\",\"itemListElement\":[{\"@type\":\"ListItem\",\"position\":1,\"name\":\"Startseite\",\"item\":\"https:\\\/\\\/www.vietcong1.de\\\/en\\\/vietcong\\\/\"},{\"@type\":\"ListItem\",\"position\":2,\"name\":\"Gaming PC\"}]},{\"@type\":\"WebSite\",\"@id\":\"https:\\\/\\\/www.vietcong1.de\\\/en\\\/#website\",\"url\":\"https:\\\/\\\/www.vietcong1.de\\\/en\\\/\",\"name\":\"Vietcong 1\",\"description\":\"\",\"potentialAction\":[{\"@type\":\"SearchAction\",\"target\":{\"@type\":\"EntryPoint\",\"urlTemplate\":\"https:\\\/\\\/www.vietcong1.de\\\/en\\\/?s={search_term_string}\"},\"query-input\":{\"@type\":\"PropertyValueSpecification\",\"valueRequired\":true,\"valueName\":\"search_term_string\"}}],\"inLanguage\":\"en-US\"}]}<\/script>\n<!-- \/ Yoast SEO plugin. -->","yoast_head_json":{"title":"Gaming PC - Vietcong 1","description":"Gaming computer with WIndows, perfect for gaming. Take a look at the computers now at Vietcong1.de and buy today.","robots":{"index":"index","follow":"follow","max-snippet":"max-snippet:-1","max-image-preview":"max-image-preview:large","max-video-preview":"max-video-preview:-1"},"canonical":"https:\/\/www.vietcong1.de\/en\/gaming-pc\/","og_locale":"en_US","og_type":"article","og_title":"Gaming PC - Vietcong 1","og_description":"Gaming computer with WIndows, perfect for gaming. Take a look at the computers now at Vietcong1.de and buy today.","og_url":"https:\/\/www.vietcong1.de\/en\/gaming-pc\/","og_site_name":"Vietcong 1","article_modified_time":"2025-06-05T15:44:58+00:00","twitter_card":"summary_large_image","twitter_misc":{"Est. reading time":"1 minute"},"schema":{"@context":"https:\/\/schema.org","@graph":[{"@type":"WebPage","@id":"https:\/\/www.vietcong1.de\/en\/gaming-pc\/","url":"https:\/\/www.vietcong1.de\/en\/gaming-pc\/","name":"Gaming PC - Vietcong 1","isPartOf":{"@id":"https:\/\/www.vietcong1.de\/en\/#website"},"datePublished":"2024-12-03T20:42:51+00:00","dateModified":"2025-06-05T15:44:58+00:00","description":"Gaming computer with WIndows, perfect for gaming. Take a look at the computers now at Vietcong1.de and buy today.","breadcrumb":{"@id":"https:\/\/www.vietcong1.de\/en\/gaming-pc\/#breadcrumb"},"inLanguage":"en-US","potentialAction":[{"@type":"ReadAction","target":["https:\/\/www.vietcong1.de\/en\/gaming-pc\/"]}]},{"@type":"BreadcrumbList","@id":"https:\/\/www.vietcong1.de\/en\/gaming-pc\/#breadcrumb","itemListElement":[{"@type":"ListItem","position":1,"name":"Startseite","item":"https:\/\/www.vietcong1.de\/en\/vietcong\/"},{"@type":"ListItem","position":2,"name":"Gaming PC"}]},{"@type":"WebSite","@id":"https:\/\/www.vietcong1.de\/en\/#website","url":"https:\/\/www.vietcong1.de\/en\/","name":"Vietcong 1","description":"","potentialAction":[{"@type":"SearchAction","target":{"@type":"EntryPoint","urlTemplate":"https:\/\/www.vietcong1.de\/en\/?s={search_term_string}"},"query-input":{"@type":"PropertyValueSpecification","valueRequired":true,"valueName":"search_term_string"}}],"inLanguage":"en-US"}]}},"_links":{"self":[{"href":"https:\/\/www.vietcong1.de\/en\/wp-json\/wp\/v2\/pages\/2024","targetHints":{"allow":["GET"]}}],"collection":[{"href":"https:\/\/www.vietcong1.de\/en\/wp-json\/wp\/v2\/pages"}],"about":[{"href":"https:\/\/www.vietcong1.de\/en\/wp-json\/wp\/v2\/types\/page"}],"author":[{"embeddable":true,"href":"https:\/\/www.vietcong1.de\/en\/wp-json\/wp\/v2\/users\/1"}],"replies":[{"embeddable":true,"href":"https:\/\/www.vietcong1.de\/en\/wp-json\/wp\/v2\/comments?post=2024"}],"version-history":[{"count":2,"href":"https:\/\/www.vietcong1.de\/en\/wp-json\/wp\/v2\/pages\/2024\/revisions"}],"predecessor-version":[{"id":2026,"href":"https:\/\/www.vietcong1.de\/en\/wp-json\/wp\/v2\/pages\/2024\/revisions\/2026"}],"wp:attachment":[{"href":"https:\/\/www.vietcong1.de\/en\/wp-json\/wp\/v2\/media?parent=2024"}],"curies":[{"name":"wp","href":"https:\/\/api.w.org\/{rel}","templated":true}]}}